





{"id":428,"date":"2022-03-30T15:40:05","date_gmt":"2022-03-30T13:40:05","guid":{"rendered":"https:\/\/annetteweisser.com\/poppy-pro"},"modified":"2025-10-03T17:26:32","modified_gmt":"2025-10-03T15:26:32","slug":"poppy-pro","status":"publish","type":"page","link":"https:\/\/awa-annetteweisser.com\/en\/poppy\/poppy-pro\/","title":{"rendered":"poppy creation"},"content":{"rendered":"<p>POPPY CREATION represents an original, fun, interactive way of communicating for companies, charitable organisations and societies, interest groups, institutions, museums, hotels, event organisers, etc. Fully customisable, the embroidered patch as well as the pin (coming with a logo or a word) will be specially created for each client. <span class=\"Apple-converted-space\">\u00a0<\/span><\/p>\n<p>They can be used in several ways:<\/p>\n<ul>\n<li>as signage worn by members of a company interacting with customers;<\/li>\n<li>as a shared accessory for special events: new product launches, inaugurations, commemorations, etc;<\/li>\n<li>as a recognition accessory symbolising an idea, as a particular cause, as a symbol of solidarity;<\/li>\n<li>to represent financial support for charitable projects.<\/li>\n<\/ul>\n","protected":false},"excerpt":{"rendered":"<p>POPPY CREATION represents an original, fun, interactive way of communicating for companies, charitable organisations and societies, interest groups, institutions, museums, hotels, event organisers, etc. Fully customisable, the embroidered patch as well as the pin (coming with a logo or a word) will be specially created for each client. \u00a0 They can be used in several [&hellip;]<\/p>\n","protected":false},"author":1,"featured_media":2641,"parent":453,"menu_order":0,"comment_status":"closed","ping_status":"closed","template":"page-child.php","meta":{"footnotes":""},"class_list":["post-428","page","type-page","status-publish","has-post-thumbnail","hentry"],"acf":[],"yoast_head":"<!-- This site is optimized with the Yoast SEO plugin v27.3 - https:\/\/yoast.com\/product\/yoast-seo-wordpress\/ -->\n<title>poppy creation - Annette Weisser<\/title>\n<meta name=\"description\" content=\"POPPY PRO, fully customisable, embroidered patch and pin - logo or word transfer for the customer. Poppy Annette Weisser Awa\" \/>\n<meta name=\"robots\" content=\"index, follow, max-snippet:-1, max-image-preview:large, max-video-preview:-1\" \/>\n<link rel=\"canonical\" href=\"https:\/\/awa-annetteweisser.com\/en\/poppy\/poppy-pro\/\" \/>\n<meta property=\"og:locale\" content=\"en_US\" \/>\n<meta property=\"og:type\" content=\"article\" \/>\n<meta property=\"og:title\" content=\"poppy creation - Annette Weisser\" \/>\n<meta property=\"og:description\" content=\"POPPY PRO, fully customisable, embroidered patch and pin - logo or word transfer for the customer. Poppy Annette Weisser Awa\" \/>\n<meta property=\"og:url\" content=\"https:\/\/awa-annetteweisser.com\/en\/poppy\/poppy-pro\/\" \/>\n<meta property=\"og:site_name\" content=\"Annette Weisser\" \/>\n<meta property=\"article:modified_time\" content=\"2025-10-03T15:26:32+00:00\" \/>\n<meta property=\"og:image\" content=\"https:\/\/awa-annetteweisser.com\/wp-content\/uploads\/2024\/05\/AW_POPPY_OLYMPE_FAR_WEB.jpg\" \/>\n\t<meta property=\"og:image:width\" content=\"1080\" \/>\n\t<meta property=\"og:image:height\" content=\"1080\" \/>\n\t<meta property=\"og:image:type\" content=\"image\/jpeg\" \/>\n<meta name=\"twitter:card\" content=\"summary_large_image\" \/>\n<meta name=\"twitter:label1\" content=\"Est. reading time\" \/>\n\t<meta name=\"twitter:data1\" content=\"1 minute\" \/>\n<script type=\"application\/ld+json\" class=\"yoast-schema-graph\">{\"@context\":\"https:\\\/\\\/schema.org\",\"@graph\":[{\"@type\":\"WebPage\",\"@id\":\"https:\\\/\\\/awa-annetteweisser.com\\\/en\\\/poppy\\\/poppy-pro\\\/\",\"url\":\"https:\\\/\\\/awa-annetteweisser.com\\\/en\\\/poppy\\\/poppy-pro\\\/\",\"name\":\"poppy creation - Annette Weisser\",\"isPartOf\":{\"@id\":\"https:\\\/\\\/awa-annetteweisser.com\\\/en\\\/#website\"},\"primaryImageOfPage\":{\"@id\":\"https:\\\/\\\/awa-annetteweisser.com\\\/en\\\/poppy\\\/poppy-pro\\\/#primaryimage\"},\"image\":{\"@id\":\"https:\\\/\\\/awa-annetteweisser.com\\\/en\\\/poppy\\\/poppy-pro\\\/#primaryimage\"},\"thumbnailUrl\":\"https:\\\/\\\/awa-annetteweisser.com\\\/wp-content\\\/uploads\\\/2024\\\/05\\\/AW_POPPY_OLYMPE_FAR_WEB.jpg\",\"datePublished\":\"2022-03-30T13:40:05+00:00\",\"dateModified\":\"2025-10-03T15:26:32+00:00\",\"description\":\"POPPY PRO, fully customisable, embroidered patch and pin - logo or word transfer for the customer. Poppy Annette Weisser Awa\",\"breadcrumb\":{\"@id\":\"https:\\\/\\\/awa-annetteweisser.com\\\/en\\\/poppy\\\/poppy-pro\\\/#breadcrumb\"},\"inLanguage\":\"en-US\",\"potentialAction\":[{\"@type\":\"ReadAction\",\"target\":[\"https:\\\/\\\/awa-annetteweisser.com\\\/en\\\/poppy\\\/poppy-pro\\\/\"]}]},{\"@type\":\"ImageObject\",\"inLanguage\":\"en-US\",\"@id\":\"https:\\\/\\\/awa-annetteweisser.com\\\/en\\\/poppy\\\/poppy-pro\\\/#primaryimage\",\"url\":\"https:\\\/\\\/awa-annetteweisser.com\\\/wp-content\\\/uploads\\\/2024\\\/05\\\/AW_POPPY_OLYMPE_FAR_WEB.jpg\",\"contentUrl\":\"https:\\\/\\\/awa-annetteweisser.com\\\/wp-content\\\/uploads\\\/2024\\\/05\\\/AW_POPPY_OLYMPE_FAR_WEB.jpg\",\"width\":1080,\"height\":1080,\"caption\":\"AWA Poppy broche \u00e0 bouton mod\u00e8le Olympe r\u00e9alis\u00e9 avec Farid Azib Architecte AWA Poppy button brooch style Olympe co-created with Farid Azib Architecte\"},{\"@type\":\"BreadcrumbList\",\"@id\":\"https:\\\/\\\/awa-annetteweisser.com\\\/en\\\/poppy\\\/poppy-pro\\\/#breadcrumb\",\"itemListElement\":[{\"@type\":\"ListItem\",\"position\":1,\"name\":\"Home\",\"item\":\"https:\\\/\\\/awa-annetteweisser.com\\\/en\\\/\"},{\"@type\":\"ListItem\",\"position\":2,\"name\":\"poppy\",\"item\":\"https:\\\/\\\/awa-annetteweisser.com\\\/en\\\/poppy\\\/\"},{\"@type\":\"ListItem\",\"position\":3,\"name\":\"poppy creation\"}]},{\"@type\":\"WebSite\",\"@id\":\"https:\\\/\\\/awa-annetteweisser.com\\\/en\\\/#website\",\"url\":\"https:\\\/\\\/awa-annetteweisser.com\\\/en\\\/\",\"name\":\"Awa - Annette Weisser\",\"description\":\"Design d\u2019accessoires \u00e9veill\u00e9s\",\"publisher\":{\"@id\":\"https:\\\/\\\/awa-annetteweisser.com\\\/en\\\/#organization\"},\"alternateName\":\"Awa Studio\",\"potentialAction\":[{\"@type\":\"SearchAction\",\"target\":{\"@type\":\"EntryPoint\",\"urlTemplate\":\"https:\\\/\\\/awa-annetteweisser.com\\\/en\\\/?s={search_term_string}\"},\"query-input\":{\"@type\":\"PropertyValueSpecification\",\"valueRequired\":true,\"valueName\":\"search_term_string\"}}],\"inLanguage\":\"en-US\"},{\"@type\":\"Organization\",\"@id\":\"https:\\\/\\\/awa-annetteweisser.com\\\/en\\\/#organization\",\"name\":\"Awa Annette Weisser\",\"alternateName\":\"Awa\",\"url\":\"https:\\\/\\\/awa-annetteweisser.com\\\/en\\\/\",\"logo\":{\"@type\":\"ImageObject\",\"inLanguage\":\"en-US\",\"@id\":\"https:\\\/\\\/awa-annetteweisser.com\\\/en\\\/#\\\/schema\\\/logo\\\/image\\\/\",\"url\":\"https:\\\/\\\/awa-annetteweisser.com\\\/wp-content\\\/uploads\\\/2023\\\/06\\\/logo-awa-black.png\",\"contentUrl\":\"https:\\\/\\\/awa-annetteweisser.com\\\/wp-content\\\/uploads\\\/2023\\\/06\\\/logo-awa-black.png\",\"width\":459,\"height\":140,\"caption\":\"Awa Annette Weisser\"},\"image\":{\"@id\":\"https:\\\/\\\/awa-annetteweisser.com\\\/en\\\/#\\\/schema\\\/logo\\\/image\\\/\"},\"sameAs\":[\"https:\\\/\\\/www.instagram.com\\\/insta_awa_project\\\/\"]}]}<\/script>\n<!-- \/ Yoast SEO plugin. -->","yoast_head_json":{"title":"poppy creation - Annette Weisser","description":"POPPY PRO, fully customisable, embroidered patch and pin - logo or word transfer for the customer. Poppy Annette Weisser Awa","robots":{"index":"index","follow":"follow","max-snippet":"max-snippet:-1","max-image-preview":"max-image-preview:large","max-video-preview":"max-video-preview:-1"},"canonical":"https:\/\/awa-annetteweisser.com\/en\/poppy\/poppy-pro\/","og_locale":"en_US","og_type":"article","og_title":"poppy creation - Annette Weisser","og_description":"POPPY PRO, fully customisable, embroidered patch and pin - logo or word transfer for the customer. Poppy Annette Weisser Awa","og_url":"https:\/\/awa-annetteweisser.com\/en\/poppy\/poppy-pro\/","og_site_name":"Annette Weisser","article_modified_time":"2025-10-03T15:26:32+00:00","og_image":[{"width":1080,"height":1080,"url":"https:\/\/awa-annetteweisser.com\/wp-content\/uploads\/2024\/05\/AW_POPPY_OLYMPE_FAR_WEB.jpg","type":"image\/jpeg"}],"twitter_card":"summary_large_image","twitter_misc":{"Est. reading time":"1 minute"},"schema":{"@context":"https:\/\/schema.org","@graph":[{"@type":"WebPage","@id":"https:\/\/awa-annetteweisser.com\/en\/poppy\/poppy-pro\/","url":"https:\/\/awa-annetteweisser.com\/en\/poppy\/poppy-pro\/","name":"poppy creation - Annette Weisser","isPartOf":{"@id":"https:\/\/awa-annetteweisser.com\/en\/#website"},"primaryImageOfPage":{"@id":"https:\/\/awa-annetteweisser.com\/en\/poppy\/poppy-pro\/#primaryimage"},"image":{"@id":"https:\/\/awa-annetteweisser.com\/en\/poppy\/poppy-pro\/#primaryimage"},"thumbnailUrl":"https:\/\/awa-annetteweisser.com\/wp-content\/uploads\/2024\/05\/AW_POPPY_OLYMPE_FAR_WEB.jpg","datePublished":"2022-03-30T13:40:05+00:00","dateModified":"2025-10-03T15:26:32+00:00","description":"POPPY PRO, fully customisable, embroidered patch and pin - logo or word transfer for the customer. Poppy Annette Weisser Awa","breadcrumb":{"@id":"https:\/\/awa-annetteweisser.com\/en\/poppy\/poppy-pro\/#breadcrumb"},"inLanguage":"en-US","potentialAction":[{"@type":"ReadAction","target":["https:\/\/awa-annetteweisser.com\/en\/poppy\/poppy-pro\/"]}]},{"@type":"ImageObject","inLanguage":"en-US","@id":"https:\/\/awa-annetteweisser.com\/en\/poppy\/poppy-pro\/#primaryimage","url":"https:\/\/awa-annetteweisser.com\/wp-content\/uploads\/2024\/05\/AW_POPPY_OLYMPE_FAR_WEB.jpg","contentUrl":"https:\/\/awa-annetteweisser.com\/wp-content\/uploads\/2024\/05\/AW_POPPY_OLYMPE_FAR_WEB.jpg","width":1080,"height":1080,"caption":"AWA Poppy broche \u00e0 bouton mod\u00e8le Olympe r\u00e9alis\u00e9 avec Farid Azib Architecte AWA Poppy button brooch style Olympe co-created with Farid Azib Architecte"},{"@type":"BreadcrumbList","@id":"https:\/\/awa-annetteweisser.com\/en\/poppy\/poppy-pro\/#breadcrumb","itemListElement":[{"@type":"ListItem","position":1,"name":"Home","item":"https:\/\/awa-annetteweisser.com\/en\/"},{"@type":"ListItem","position":2,"name":"poppy","item":"https:\/\/awa-annetteweisser.com\/en\/poppy\/"},{"@type":"ListItem","position":3,"name":"poppy creation"}]},{"@type":"WebSite","@id":"https:\/\/awa-annetteweisser.com\/en\/#website","url":"https:\/\/awa-annetteweisser.com\/en\/","name":"Awa - Annette Weisser","description":"Design d\u2019accessoires \u00e9veill\u00e9s","publisher":{"@id":"https:\/\/awa-annetteweisser.com\/en\/#organization"},"alternateName":"Awa Studio","potentialAction":[{"@type":"SearchAction","target":{"@type":"EntryPoint","urlTemplate":"https:\/\/awa-annetteweisser.com\/en\/?s={search_term_string}"},"query-input":{"@type":"PropertyValueSpecification","valueRequired":true,"valueName":"search_term_string"}}],"inLanguage":"en-US"},{"@type":"Organization","@id":"https:\/\/awa-annetteweisser.com\/en\/#organization","name":"Awa Annette Weisser","alternateName":"Awa","url":"https:\/\/awa-annetteweisser.com\/en\/","logo":{"@type":"ImageObject","inLanguage":"en-US","@id":"https:\/\/awa-annetteweisser.com\/en\/#\/schema\/logo\/image\/","url":"https:\/\/awa-annetteweisser.com\/wp-content\/uploads\/2023\/06\/logo-awa-black.png","contentUrl":"https:\/\/awa-annetteweisser.com\/wp-content\/uploads\/2023\/06\/logo-awa-black.png","width":459,"height":140,"caption":"Awa Annette Weisser"},"image":{"@id":"https:\/\/awa-annetteweisser.com\/en\/#\/schema\/logo\/image\/"},"sameAs":["https:\/\/www.instagram.com\/insta_awa_project\/"]}]}},"_links":{"self":[{"href":"https:\/\/awa-annetteweisser.com\/en\/wp-json\/wp\/v2\/pages\/428","targetHints":{"allow":["GET"]}}],"collection":[{"href":"https:\/\/awa-annetteweisser.com\/en\/wp-json\/wp\/v2\/pages"}],"about":[{"href":"https:\/\/awa-annetteweisser.com\/en\/wp-json\/wp\/v2\/types\/page"}],"author":[{"embeddable":true,"href":"https:\/\/awa-annetteweisser.com\/en\/wp-json\/wp\/v2\/users\/1"}],"replies":[{"embeddable":true,"href":"https:\/\/awa-annetteweisser.com\/en\/wp-json\/wp\/v2\/comments?post=428"}],"version-history":[{"count":31,"href":"https:\/\/awa-annetteweisser.com\/en\/wp-json\/wp\/v2\/pages\/428\/revisions"}],"predecessor-version":[{"id":8690,"href":"https:\/\/awa-annetteweisser.com\/en\/wp-json\/wp\/v2\/pages\/428\/revisions\/8690"}],"up":[{"embeddable":true,"href":"https:\/\/awa-annetteweisser.com\/en\/wp-json\/wp\/v2\/pages\/453"}],"wp:featuredmedia":[{"embeddable":true,"href":"https:\/\/awa-annetteweisser.com\/en\/wp-json\/wp\/v2\/media\/2641"}],"wp:attachment":[{"href":"https:\/\/awa-annetteweisser.com\/en\/wp-json\/wp\/v2\/media?parent=428"}],"curies":[{"name":"wp","href":"https:\/\/api.w.org\/{rel}","templated":true}]}}